{"id":867,"date":"2021-02-15T12:05:10","date_gmt":"2021-02-15T12:05:10","guid":{"rendered":"https:\/\/cecilemoroni.com\/contact\/"},"modified":"2026-01-25T18:54:10","modified_gmt":"2026-01-25T18:54:10","slug":"galleri","status":"publish","type":"page","link":"https:\/\/cecilemoroni.com\/en\/galleri\/","title":{"rendered":"Biography"},"content":{"rendered":"<div data-elementor-type=\"wp-page\" data-elementor-id=\"867\" class=\"elementor elementor-867\">\n\t\t\t\t\t\t<section class=\"elementor-section elementor-top-section elementor-element elementor-element-2a7bb31 elementor-section-boxed elementor-section-height-default elementor-section-height-default\" data-id=\"2a7bb31\" data-element_type=\"section\" data-e-type=\"section\" data-settings=\"{&quot;background_background&quot;:&quot;classic&quot;}\">\n\t\t\t\t\t\t<div class=\"elementor-container elementor-column-gap-no\">\n\t\t\t\t\t<div class=\"elementor-column elementor-col-100 elementor-top-column elementor-element elementor-element-3b67d45\" data-id=\"3b67d45\" data-element_type=\"column\" data-e-type=\"column\">\n\t\t\t<div class=\"elementor-widget-wrap\">\n\t\t\t\t\t\t\t<\/div>\n\t\t<\/div>\n\t\t\t\t\t<\/div>\n\t\t<\/section>\n\t\t\t\t<section class=\"elementor-section elementor-top-section elementor-element elementor-element-f3cd133 elementor-section-boxed elementor-section-height-default elementor-section-height-default\" data-id=\"f3cd133\" data-element_type=\"section\" data-e-type=\"section\">\n\t\t\t\t\t\t<div class=\"elementor-container elementor-column-gap-default\">\n\t\t\t\t\t<div class=\"elementor-column elementor-col-100 elementor-top-column elementor-element elementor-element-e716935\" data-id=\"e716935\" data-element_type=\"column\" data-e-type=\"column\">\n\t\t\t<div class=\"elementor-widget-wrap elementor-element-populated\">\n\t\t\t\t\t\t<div class=\"elementor-element elementor-element-bf7bcdf elementor-widget elementor-widget-heading\" data-id=\"bf7bcdf\" data-element_type=\"widget\" data-e-type=\"widget\" data-widget_type=\"heading.default\">\n\t\t\t\t<div class=\"elementor-widget-container\">\n\t\t\t\t\t<h2 class=\"elementor-heading-title elementor-size-default\">Biography<\/h2>\t\t\t\t<\/div>\n\t\t\t\t<\/div>\n\t\t\t\t\t<\/div>\n\t\t<\/div>\n\t\t\t\t\t<\/div>\n\t\t<\/section>\n\t\t\t\t<section class=\"elementor-section elementor-top-section elementor-element elementor-element-b660589 elementor-section-boxed elementor-section-height-default elementor-section-height-default\" data-id=\"b660589\" data-element_type=\"section\" data-e-type=\"section\">\n\t\t\t\t\t\t<div class=\"elementor-container elementor-column-gap-default\">\n\t\t\t\t\t<div class=\"elementor-column elementor-col-100 elementor-top-column elementor-element elementor-element-42356df\" data-id=\"42356df\" data-element_type=\"column\" data-e-type=\"column\">\n\t\t\t<div class=\"elementor-widget-wrap elementor-element-populated\">\n\t\t\t\t\t\t<div class=\"elementor-element elementor-element-e9dc818 elementor-widget elementor-widget-text-editor\" data-id=\"e9dc818\" data-element_type=\"widget\" data-e-type=\"widget\" data-widget_type=\"text-editor.default\">\n\t\t\t\t<div class=\"elementor-widget-container\">\n\t\t\t\t\t\t\t\t\t<div class=\"elementor-element elementor-element-5b45950 elementor-widget elementor-widget-text-editor animated fadeInRight\" data-id=\"5b45950\" data-element_type=\"widget\" data-settings=\"{&quot;_animation&quot;:&quot;fadeInRight&quot;}\" data-widget_type=\"text-editor.default\"><div class=\"elementor-widget-container\"><div class=\"elementor-element elementor-element-2b5ac25 elementor-widget elementor-widget-text-editor\" data-id=\"2b5ac25\" data-element_type=\"widget\" data-widget_type=\"text-editor.default\"><div class=\"elementor-widget-container\"><p>C\u00e9cile\u2019s talent is a bit like many Norwegian companies: highly versatile and made up of many nationalities. The Norwegian-French comedy rising star was quickly picked up from the smaller comedy clubs in Oslo to perform on the bigger stages (Latter, Folketeatret, Chat Noir, Oslo Concert Hall), either solo or alongside international stars like Jim Gaffigan, Alan Carr, Nate Bargatze, TJ Miller, Iliza Schlesinger, and Bob the Drag Queen. <span style=\"font-size: 16px;\">She also takes part annually in the world-famous Fringe Festival in Scotland with the company Hygge.<\/span><\/p><div class=\"elementor-element elementor-element-4df1b1b elementor-widget elementor-widget-text-editor animated fadeInRight\" data-id=\"4df1b1b\" data-element_type=\"widget\" data-settings=\"{&quot;_animation&quot;:&quot;fadeInRight&quot;}\" data-widget_type=\"text-editor.default\"><div class=\"elementor-widget-container\"><div class=\"elementor-element elementor-element-2b5ac25 elementor-widget elementor-widget-text-editor\" data-id=\"2b5ac25\" data-element_type=\"widget\" data-widget_type=\"text-editor.default\">\u00a0<\/div><\/div><\/div><\/div><p>C\u00e9cile has an education from the renowned Cours Florent in Paris, where she has taken courses in improvisational theatre, invisible theatre, and storytelling. <span style=\"font-size: 16px;\">In 2024, C\u00e9cile won the \"St\u00e5 Opp Prize,\" and she was also nominated for the Humor Prize as Best Stand-Up Comedian. As if that wasn\u2019t enough, she was awarded an international prestigious prize in France for her work promoting French culture abroad. C\u00e9cile is currently on a nationwide tour with her first solo performance, \"Allo Norge!\"<\/span><\/p><p>In 2024, C\u00e9cile wrote her first book. \"<em>Where babies sleep outside<\/em>\u00bb is a professional and humorous book about child-rearing in Norway. The book is published by Mond\u00e5 Forlag and illustrated by Elise Kollerud, and it will also be released in its French version, titled \u00ab<em>Le pays o\u00f9 les b\u00e9b\u00e9s dorment dehors<\/em>\" in July 2025.<\/p><\/div><\/div><\/div><div class=\"elementor-element elementor-element-4df1b1b elementor-widget elementor-widget-text-editor animated fadeInRight\" data-id=\"4df1b1b\" data-element_type=\"widget\" data-settings=\"{&quot;_animation&quot;:&quot;fadeInRight&quot;}\" data-widget_type=\"text-editor.default\"><div class=\"elementor-widget-container\"><div class=\"elementor-element elementor-element-2b5ac25 elementor-widget elementor-widget-text-editor\" data-id=\"2b5ac25\" data-element_type=\"widget\" data-widget_type=\"text-editor.default\">The business community has also now discovered how her humor can help bring companies and their employees closer together, fostering greater understanding of each other\u2019s cultures and backgrounds. She is passionate about gender equality, diversity, and inclusion, and in 2023 she gave a talk at TEDx on \u201cthe future of foreign women leaders in Norway.\u201d She has developed a keynote titled \u201cChampagne and Brunost,\u201d focusing on diversity, inclusion, and intercultural leadership. C\u00e9cile was awarded the prize<em>\u201cRising Star of the Year 2025\u201d<\/em>by Talerlisten, awarded to the fastest-growing profile.<\/div><div class=\"elementor-element elementor-element-2b5ac25 elementor-widget elementor-widget-text-editor\" data-id=\"2b5ac25\" data-element_type=\"widget\" data-widget_type=\"text-editor.default\">With two master's degrees in finance and intercultural leadership, along with a long career as a strategy consultant and marketer for international companies (including Bain &amp; Company, KPMG, Ringnes, and Nespresso), C\u00e9cile has the qualifications that make her expertise highly relevant and professionally tailored to your company.<\/div><div class=\"elementor-element elementor-element-2b5ac25 elementor-widget elementor-widget-text-editor\" data-id=\"2b5ac25\" data-element_type=\"widget\" data-widget_type=\"text-editor.default\">\u00a0<\/div><\/div><\/div>\t\t\t\t\t\t\t\t<\/div>\n\t\t\t\t<\/div>\n\t\t\t\t\t<\/div>\n\t\t<\/div>\n\t\t\t\t\t<\/div>\n\t\t<\/section>\n\t\t\t\t<section class=\"elementor-section elementor-top-section elementor-element elementor-element-821b0a0 elementor-section-boxed elementor-section-height-default elementor-section-height-default\" data-id=\"821b0a0\" data-element_type=\"section\" data-e-type=\"section\">\n\t\t\t\t\t\t<div class=\"elementor-container elementor-column-gap-default\">\n\t\t\t\t\t<div class=\"elementor-column elementor-col-100 elementor-top-column elementor-element elementor-element-9bae7de\" data-id=\"9bae7de\" data-element_type=\"column\" data-e-type=\"column\">\n\t\t\t<div class=\"elementor-widget-wrap elementor-element-populated\">\n\t\t\t\t\t\t<div class=\"elementor-element elementor-element-239a9ae elementor-widget elementor-widget-image\" data-id=\"239a9ae\" data-element_type=\"widget\" data-e-type=\"widget\" data-widget_type=\"image.default\">\n\t\t\t\t<div class=\"elementor-widget-container\">\n\t\t\t\t\t\t\t\t\t\t\t\t\t\t\t<img fetchpriority=\"high\" decoding=\"async\" width=\"680\" height=\"1024\" src=\"https:\/\/cecilemoroni.com\/wp-content\/uploads\/2024\/04\/P3010129-01-680x1024.jpeg\" class=\"attachment-large size-large wp-image-2306\" alt=\"\" srcset=\"https:\/\/cecilemoroni.com\/wp-content\/uploads\/2024\/04\/P3010129-01-680x1024.jpeg 680w, https:\/\/cecilemoroni.com\/wp-content\/uploads\/2024\/04\/P3010129-01-199x300.jpeg 199w, https:\/\/cecilemoroni.com\/wp-content\/uploads\/2024\/04\/P3010129-01-768x1157.jpeg 768w, https:\/\/cecilemoroni.com\/wp-content\/uploads\/2024\/04\/P3010129-01-1020x1536.jpeg 1020w, https:\/\/cecilemoroni.com\/wp-content\/uploads\/2024\/04\/P3010129-01-8x12.jpeg 8w, https:\/\/cecilemoroni.com\/wp-content\/uploads\/2024\/04\/P3010129-01-600x904.jpeg 600w, https:\/\/cecilemoroni.com\/wp-content\/uploads\/2024\/04\/P3010129-01.jpeg 1360w\" sizes=\"(max-width: 680px) 100vw, 680px\" \/>\t\t\t\t\t\t\t\t\t\t\t\t\t\t\t<\/div>\n\t\t\t\t<\/div>\n\t\t\t\t\t<\/div>\n\t\t<\/div>\n\t\t\t\t\t<\/div>\n\t\t<\/section>\n\t\t\t\t<\/div>","protected":false},"excerpt":{"rendered":"<p>Biografi C\u00e9ciles talent er litt som mange norske bedrifter; meget allsidig og satt sammen av mange nasjonaliteter. Det norsk-franske humor-stjerneskuddet ble raskt plukket opp fra de mindre humorklubbene i Oslo til \u00e5 spille p\u00e5 de st\u00f8rre scenene (Latter, Folketeatret, Chat Noir, Oslo Konserthus) enten alene, eller sammen med internasjonale stjerner. (Jim Gaffigan, Alan Carr, Nate &hellip;<\/p>\n<p class=\"read-more\"> <a class=\"\" href=\"https:\/\/cecilemoroni.com\/en\/galleri\/\"> <span class=\"screen-reader-text\">Biography<\/span> Read More \u00bb<\/a><\/p>","protected":false},"author":1,"featured_media":0,"parent":0,"menu_order":0,"comment_status":"closed","ping_status":"closed","template":"","meta":{"_monsterinsights_skip_tracking":false,"_monsterinsights_sitenote_active":false,"_monsterinsights_sitenote_note":"","_monsterinsights_sitenote_category":0,"site-sidebar-layout":"no-sidebar","site-content-layout":"page-builder","ast-global-header-display":"","ast-banner-title-visibility":"","ast-main-header-display":"","ast-hfb-above-header-display":"","ast-hfb-below-header-display":"","ast-hfb-mobile-header-display":"","site-post-title":"disabled","ast-breadcrumbs-content":"disabled","ast-featured-img":"disabled","footer-sml-layout":"","theme-transparent-header-meta":"enabled","adv-header-id-meta":"","stick-header-meta":"","header-above-stick-meta":"","header-main-stick-meta":"","header-below-stick-meta":"","footnotes":""},"class_list":["post-867","page","type-page","status-publish","hentry"],"_links":{"self":[{"href":"https:\/\/cecilemoroni.com\/en\/wp-json\/wp\/v2\/pages\/867","targetHints":{"allow":["GET"]}}],"collection":[{"href":"https:\/\/cecilemoroni.com\/en\/wp-json\/wp\/v2\/pages"}],"about":[{"href":"https:\/\/cecilemoroni.com\/en\/wp-json\/wp\/v2\/types\/page"}],"author":[{"embeddable":true,"href":"https:\/\/cecilemoroni.com\/en\/wp-json\/wp\/v2\/users\/1"}],"replies":[{"embeddable":true,"href":"https:\/\/cecilemoroni.com\/en\/wp-json\/wp\/v2\/comments?post=867"}],"version-history":[{"count":108,"href":"https:\/\/cecilemoroni.com\/en\/wp-json\/wp\/v2\/pages\/867\/revisions"}],"predecessor-version":[{"id":3468,"href":"https:\/\/cecilemoroni.com\/en\/wp-json\/wp\/v2\/pages\/867\/revisions\/3468"}],"wp:attachment":[{"href":"https:\/\/cecilemoroni.com\/en\/wp-json\/wp\/v2\/media?parent=867"}],"curies":[{"name":"wp","href":"https:\/\/api.w.org\/{rel}","templated":true}]}}