{"id":587,"date":"2021-02-15T07:41:14","date_gmt":"2021-02-15T07:41:14","guid":{"rendered":"https:\/\/cecilemoroni.com\/books\/"},"modified":"2025-05-13T13:06:25","modified_gmt":"2025-05-13T13:06:25","slug":"foredrag","status":"publish","type":"page","link":"https:\/\/cecilemoroni.com\/en\/foredrag\/","title":{"rendered":"Diversity, inclusion and intercultural leadership"},"content":{"rendered":"<div data-elementor-type=\"wp-page\" data-elementor-id=\"587\" class=\"elementor elementor-587\">\n\t\t\t\t\t\t<section class=\"elementor-section elementor-top-section elementor-element elementor-element-4fd40f0 elementor-section-boxed elementor-section-height-default elementor-section-height-default\" data-id=\"4fd40f0\" data-element_type=\"section\" data-e-type=\"section\" data-settings=\"{&quot;background_background&quot;:&quot;classic&quot;}\">\n\t\t\t\t\t\t<div class=\"elementor-container elementor-column-gap-no\">\n\t\t\t\t\t<div class=\"elementor-column elementor-col-100 elementor-top-column elementor-element elementor-element-63dd192\" data-id=\"63dd192\" data-element_type=\"column\" data-e-type=\"column\">\n\t\t\t<div class=\"elementor-widget-wrap\">\n\t\t\t\t\t\t\t<\/div>\n\t\t<\/div>\n\t\t\t\t\t<\/div>\n\t\t<\/section>\n\t\t\t\t<section class=\"elementor-section elementor-top-section elementor-element elementor-element-ff328f2 elementor-section-boxed elementor-section-height-default elementor-section-height-default\" data-id=\"ff328f2\" data-element_type=\"section\" data-e-type=\"section\">\n\t\t\t\t\t\t<div class=\"elementor-container elementor-column-gap-default\">\n\t\t\t\t\t<div class=\"elementor-column elementor-col-100 elementor-top-column elementor-element elementor-element-2dbb950\" data-id=\"2dbb950\" data-element_type=\"column\" data-e-type=\"column\">\n\t\t\t<div class=\"elementor-widget-wrap elementor-element-populated\">\n\t\t\t\t\t\t<div class=\"elementor-element elementor-element-e1e97d7 elementor-widget elementor-widget-heading\" data-id=\"e1e97d7\" data-element_type=\"widget\" data-e-type=\"widget\" data-widget_type=\"heading.default\">\n\t\t\t\t<div class=\"elementor-widget-container\">\n\t\t\t\t\t<h2 class=\"elementor-heading-title elementor-size-default\">Champagne and Brown Cheese\": a lecture on diversity, inclusion, and intercultural leadership<\/h2>\t\t\t\t<\/div>\n\t\t\t\t<\/div>\n\t\t\t\t\t<\/div>\n\t\t<\/div>\n\t\t\t\t\t<\/div>\n\t\t<\/section>\n\t\t\t\t<section class=\"elementor-section elementor-top-section elementor-element elementor-element-fff0d21 elementor-section-boxed elementor-section-height-default elementor-section-height-default\" data-id=\"fff0d21\" data-element_type=\"section\" data-e-type=\"section\">\n\t\t\t\t\t\t<div class=\"elementor-container elementor-column-gap-default\">\n\t\t\t\t\t<div class=\"elementor-column elementor-col-100 elementor-top-column elementor-element elementor-element-eadb08f\" data-id=\"eadb08f\" data-element_type=\"column\" data-e-type=\"column\">\n\t\t\t<div class=\"elementor-widget-wrap elementor-element-populated\">\n\t\t\t\t\t\t<div class=\"elementor-element elementor-element-2119ee7 elementor-widget-divider--view-line elementor-widget elementor-widget-divider\" data-id=\"2119ee7\" data-element_type=\"widget\" data-e-type=\"widget\" data-widget_type=\"divider.default\">\n\t\t\t\t<div class=\"elementor-widget-container\">\n\t\t\t\t\t\t\t<div class=\"elementor-divider\">\n\t\t\t<span class=\"elementor-divider-separator\">\n\t\t\t\t\t\t<\/span>\n\t\t<\/div>\n\t\t\t\t\t\t<\/div>\n\t\t\t\t<\/div>\n\t\t\t\t\t<\/div>\n\t\t<\/div>\n\t\t\t\t\t<\/div>\n\t\t<\/section>\n\t\t\t\t<section class=\"elementor-section elementor-top-section elementor-element elementor-element-52c05b9 elementor-section-boxed elementor-section-height-default elementor-section-height-default\" data-id=\"52c05b9\" data-element_type=\"section\" data-e-type=\"section\">\n\t\t\t\t\t\t<div class=\"elementor-container elementor-column-gap-default\">\n\t\t\t\t\t<div class=\"elementor-column elementor-col-50 elementor-top-column elementor-element elementor-element-45edd4b\" data-id=\"45edd4b\" data-element_type=\"column\" data-e-type=\"column\">\n\t\t\t<div class=\"elementor-widget-wrap elementor-element-populated\">\n\t\t\t\t\t\t<div class=\"elementor-element elementor-element-8b51edd elementor-widget elementor-widget-image\" data-id=\"8b51edd\" data-element_type=\"widget\" data-e-type=\"widget\" data-widget_type=\"image.default\">\n\t\t\t\t<div class=\"elementor-widget-container\">\n\t\t\t\t\t\t\t\t\t\t\t\t\t\t\t\t<a href=\"https:\/\/talerlisten.no\/profil\/cecile-moroni\/\">\n\t\t\t\t\t\t\t<img fetchpriority=\"high\" decoding=\"async\" width=\"500\" height=\"500\" src=\"https:\/\/cecilemoroni.com\/wp-content\/uploads\/2025\/05\/1.png\" class=\"attachment-large size-large wp-image-3223\" alt=\"\" srcset=\"https:\/\/cecilemoroni.com\/wp-content\/uploads\/2025\/05\/1.png 500w, https:\/\/cecilemoroni.com\/wp-content\/uploads\/2025\/05\/1-300x300.png 300w, https:\/\/cecilemoroni.com\/wp-content\/uploads\/2025\/05\/1-150x150.png 150w, https:\/\/cecilemoroni.com\/wp-content\/uploads\/2025\/05\/1-12x12.png 12w\" sizes=\"(max-width: 500px) 100vw, 500px\" \/>\t\t\t\t\t\t\t\t<\/a>\n\t\t\t\t\t\t\t\t\t\t\t\t\t\t\t<\/div>\n\t\t\t\t<\/div>\n\t\t\t\t\t<\/div>\n\t\t<\/div>\n\t\t\t\t<div class=\"elementor-column elementor-col-50 elementor-top-column elementor-element elementor-element-a42d487\" data-id=\"a42d487\" data-element_type=\"column\" data-e-type=\"column\">\n\t\t\t<div class=\"elementor-widget-wrap elementor-element-populated\">\n\t\t\t\t\t\t<div class=\"elementor-element elementor-element-9558369 elementor-widget elementor-widget-text-editor\" data-id=\"9558369\" data-element_type=\"widget\" data-e-type=\"widget\" data-widget_type=\"text-editor.default\">\n\t\t\t\t<div class=\"elementor-widget-container\">\n\t\t\t\t\t\t\t\t\t<p style=\"text-align: center;\">This lecture is available through Talerlisten. Click <a href=\"https:\/\/talerlisten.no\/profil\/cecile-moroni\/\">HERE<\/a> for more information.<\/p><p style=\"text-align: center;\">Foredraget er tilgjengelig b\u00e5de p\u00e5 norsk og engelsk.<\/p>\t\t\t\t\t\t\t\t<\/div>\n\t\t\t\t<\/div>\n\t\t\t\t\t<\/div>\n\t\t<\/div>\n\t\t\t\t\t<\/div>\n\t\t<\/section>\n\t\t\t\t<section class=\"elementor-section elementor-top-section elementor-element elementor-element-4dfa808 elementor-section-boxed elementor-section-height-default elementor-section-height-default\" data-id=\"4dfa808\" data-element_type=\"section\" data-e-type=\"section\">\n\t\t\t\t\t\t<div class=\"elementor-container elementor-column-gap-default\">\n\t\t\t\t\t<div class=\"elementor-column elementor-col-100 elementor-top-column elementor-element elementor-element-a040bbe\" data-id=\"a040bbe\" data-element_type=\"column\" data-e-type=\"column\">\n\t\t\t<div class=\"elementor-widget-wrap elementor-element-populated\">\n\t\t\t\t\t\t<div class=\"elementor-element elementor-element-8f1b758 elementor-widget-divider--view-line elementor-widget elementor-widget-divider\" data-id=\"8f1b758\" data-element_type=\"widget\" data-e-type=\"widget\" data-widget_type=\"divider.default\">\n\t\t\t\t<div class=\"elementor-widget-container\">\n\t\t\t\t\t\t\t<div class=\"elementor-divider\">\n\t\t\t<span class=\"elementor-divider-separator\">\n\t\t\t\t\t\t<\/span>\n\t\t<\/div>\n\t\t\t\t\t\t<\/div>\n\t\t\t\t<\/div>\n\t\t\t\t\t<\/div>\n\t\t<\/div>\n\t\t\t\t\t<\/div>\n\t\t<\/section>\n\t\t\t\t<section class=\"elementor-section elementor-top-section elementor-element elementor-element-e58180d elementor-section-boxed elementor-section-height-default elementor-section-height-default\" data-id=\"e58180d\" data-element_type=\"section\" data-e-type=\"section\">\n\t\t\t\t\t\t<div class=\"elementor-container elementor-column-gap-default\">\n\t\t\t\t\t<div class=\"elementor-column elementor-col-100 elementor-top-column elementor-element elementor-element-6db4d1f\" data-id=\"6db4d1f\" data-element_type=\"column\" data-e-type=\"column\">\n\t\t\t<div class=\"elementor-widget-wrap elementor-element-populated\">\n\t\t\t\t\t\t<div class=\"elementor-element elementor-element-443f005 elementor-widget elementor-widget-text-editor\" data-id=\"443f005\" data-element_type=\"widget\" data-e-type=\"widget\" data-widget_type=\"text-editor.default\">\n\t\t\t\t<div class=\"elementor-widget-container\">\n\t\t\t\t\t\t\t\t\t<p>C\u00e9cile Moroni was born and raised in Paris and has an impressive international career. She is a business economist and has worked in France, Germany, Switzerland, and Norway at top companies such as Bain &amp; Company, Ringnes, and Nespresso. She has been the marketing manager at Nespresso and the CEO of a beauty company.<\/p><p><strong>C\u00e9cile is passionate about intercultural leadership, equality, diversity, and inclusion.<\/strong><\/p><p>She has personally experienced the challenging culture clashes that can arise in a global work environment, and she is passionate about helping others navigate these differences. She wrote her master's thesis in German on intercultural leadership and has also shared her insights at TedXTrondheim with the theme \"Foreign women leaders in Norway.\"<\/p><p>She uses humor in a relevant and intelligent way to demystify diversity and help you build a sustainable work culture.<\/p><p>With her unique combination of professional experience and comedic talent, she offers engaging and insightful experiences for her audience.<\/p>\t\t\t\t\t\t\t\t<\/div>\n\t\t\t\t<\/div>\n\t\t\t\t\t<\/div>\n\t\t<\/div>\n\t\t\t\t\t<\/div>\n\t\t<\/section>\n\t\t\t\t<section class=\"elementor-section elementor-top-section elementor-element elementor-element-0b1761f elementor-section-boxed elementor-section-height-default elementor-section-height-default\" data-id=\"0b1761f\" data-element_type=\"section\" data-e-type=\"section\">\n\t\t\t\t\t\t<div class=\"elementor-container elementor-column-gap-default\">\n\t\t\t\t\t<div class=\"elementor-column elementor-col-100 elementor-top-column elementor-element elementor-element-f001e13\" data-id=\"f001e13\" data-element_type=\"column\" data-e-type=\"column\">\n\t\t\t<div class=\"elementor-widget-wrap elementor-element-populated\">\n\t\t\t\t\t\t<div class=\"elementor-element elementor-element-2b0cc95 elementor-widget elementor-widget-video\" data-id=\"2b0cc95\" data-element_type=\"widget\" data-e-type=\"widget\" data-settings=\"{&quot;youtube_url&quot;:&quot;https:\\\/\\\/www.youtube.com\\\/watch?v=GvhTYSLjqMI&quot;,&quot;video_type&quot;:&quot;youtube&quot;,&quot;controls&quot;:&quot;yes&quot;}\" data-widget_type=\"video.default\">\n\t\t\t\t<div class=\"elementor-widget-container\">\n\t\t\t\t\t\t\t<div class=\"elementor-wrapper elementor-open-inline\">\n\t\t\t<div class=\"elementor-video\"><\/div>\t\t<\/div>\n\t\t\t\t\t\t<\/div>\n\t\t\t\t<\/div>\n\t\t\t\t\t<\/div>\n\t\t<\/div>\n\t\t\t\t\t<\/div>\n\t\t<\/section>\n\t\t\t\t<section class=\"elementor-section elementor-top-section elementor-element elementor-element-185a215 elementor-section-boxed elementor-section-height-default elementor-section-height-default\" data-id=\"185a215\" data-element_type=\"section\" data-e-type=\"section\">\n\t\t\t\t\t\t<div class=\"elementor-container elementor-column-gap-default\">\n\t\t\t\t\t<div class=\"elementor-column elementor-col-100 elementor-top-column elementor-element elementor-element-a9904a8\" data-id=\"a9904a8\" data-element_type=\"column\" data-e-type=\"column\">\n\t\t\t<div class=\"elementor-widget-wrap elementor-element-populated\">\n\t\t\t\t\t\t<div class=\"elementor-element elementor-element-5f95a45 elementor-widget elementor-widget-text-editor\" data-id=\"5f95a45\" data-element_type=\"widget\" data-e-type=\"widget\" data-widget_type=\"text-editor.default\">\n\t\t\t\t<div class=\"elementor-widget-container\">\n\t\t\t\t\t\t\t\t\t<p>In this lecture, you will get <b>Practical tips and simple tools for working intelligently and effectively with diversity and inclusion. <\/b>This lecture <span style=\"font-size: 16px;\">is very well suited for both international and Norwegian companies and is available in both Norwegian and English.<\/span><\/p>\t\t\t\t\t\t\t\t<\/div>\n\t\t\t\t<\/div>\n\t\t\t\t\t<\/div>\n\t\t<\/div>\n\t\t\t\t\t<\/div>\n\t\t<\/section>\n\t\t\t\t<section class=\"elementor-section elementor-top-section elementor-element elementor-element-0e4f4aa elementor-section-boxed elementor-section-height-default elementor-section-height-default\" data-id=\"0e4f4aa\" data-element_type=\"section\" data-e-type=\"section\">\n\t\t\t\t\t\t<div class=\"elementor-container elementor-column-gap-default\">\n\t\t\t\t\t<div class=\"elementor-column elementor-col-100 elementor-top-column elementor-element elementor-element-e2aaae2\" data-id=\"e2aaae2\" data-element_type=\"column\" data-e-type=\"column\">\n\t\t\t<div class=\"elementor-widget-wrap elementor-element-populated\">\n\t\t\t\t\t\t<div class=\"elementor-element elementor-element-862ddff elementor-widget-divider--view-line elementor-widget elementor-widget-divider\" data-id=\"862ddff\" data-element_type=\"widget\" data-e-type=\"widget\" data-widget_type=\"divider.default\">\n\t\t\t\t<div class=\"elementor-widget-container\">\n\t\t\t\t\t\t\t<div class=\"elementor-divider\">\n\t\t\t<span class=\"elementor-divider-separator\">\n\t\t\t\t\t\t<\/span>\n\t\t<\/div>\n\t\t\t\t\t\t<\/div>\n\t\t\t\t<\/div>\n\t\t\t\t\t<\/div>\n\t\t<\/div>\n\t\t\t\t\t<\/div>\n\t\t<\/section>\n\t\t\t\t<section class=\"elementor-section elementor-top-section elementor-element elementor-element-9fd0a68 elementor-section-boxed elementor-section-height-default elementor-section-height-default\" data-id=\"9fd0a68\" data-element_type=\"section\" data-e-type=\"section\">\n\t\t\t\t\t\t<div class=\"elementor-container elementor-column-gap-default\">\n\t\t\t\t\t<div class=\"elementor-column elementor-col-100 elementor-top-column elementor-element elementor-element-5f75dbd\" data-id=\"5f75dbd\" data-element_type=\"column\" data-e-type=\"column\">\n\t\t\t<div class=\"elementor-widget-wrap elementor-element-populated\">\n\t\t\t\t\t\t<div class=\"elementor-element elementor-element-2928441 elementor-widget elementor-widget-heading\" data-id=\"2928441\" data-element_type=\"widget\" data-e-type=\"widget\" data-widget_type=\"heading.default\">\n\t\t\t\t<div class=\"elementor-widget-container\">\n\t\t\t\t\t<h2 class=\"elementor-heading-title elementor-size-default\">References<\/h2>\t\t\t\t<\/div>\n\t\t\t\t<\/div>\n\t\t\t\t\t<\/div>\n\t\t<\/div>\n\t\t\t\t\t<\/div>\n\t\t<\/section>\n\t\t\t\t<section class=\"elementor-section elementor-top-section elementor-element elementor-element-2bbf064 elementor-section-boxed elementor-section-height-default elementor-section-height-default\" data-id=\"2bbf064\" data-element_type=\"section\" data-e-type=\"section\">\n\t\t\t\t\t\t<div class=\"elementor-container elementor-column-gap-default\">\n\t\t\t\t\t<div class=\"elementor-column elementor-col-50 elementor-top-column elementor-element elementor-element-4afa6a5\" data-id=\"4afa6a5\" data-element_type=\"column\" data-e-type=\"column\">\n\t\t\t<div class=\"elementor-widget-wrap elementor-element-populated\">\n\t\t\t\t\t\t<div class=\"elementor-element elementor-element-f22e5b5 elementor-widget elementor-widget-image\" data-id=\"f22e5b5\" data-element_type=\"widget\" data-e-type=\"widget\" data-widget_type=\"image.default\">\n\t\t\t\t<div class=\"elementor-widget-container\">\n\t\t\t\t\t\t\t\t\t\t\t\t\t\t\t\t<a href=\"https:\/\/www.youtube.com\/watch?v=OWd5GWeOM-Y&#038;t=19s\">\n\t\t\t\t\t\t\t<img decoding=\"async\" width=\"768\" height=\"1024\" src=\"https:\/\/cecilemoroni.com\/wp-content\/uploads\/2023\/11\/IMG_4868-768x1024.jpg\" class=\"attachment-large size-large wp-image-1821\" alt=\"\" srcset=\"https:\/\/cecilemoroni.com\/wp-content\/uploads\/2023\/11\/IMG_4868-768x1024.jpg 768w, https:\/\/cecilemoroni.com\/wp-content\/uploads\/2023\/11\/IMG_4868-scaled-600x800.jpg 600w, https:\/\/cecilemoroni.com\/wp-content\/uploads\/2023\/11\/IMG_4868-225x300.jpg 225w, https:\/\/cecilemoroni.com\/wp-content\/uploads\/2023\/11\/IMG_4868-1152x1536.jpg 1152w, https:\/\/cecilemoroni.com\/wp-content\/uploads\/2023\/11\/IMG_4868-1536x2048.jpg 1536w, https:\/\/cecilemoroni.com\/wp-content\/uploads\/2023\/11\/IMG_4868-9x12.jpg 9w, https:\/\/cecilemoroni.com\/wp-content\/uploads\/2023\/11\/IMG_4868-scaled.jpg 1920w\" sizes=\"(max-width: 768px) 100vw, 768px\" \/>\t\t\t\t\t\t\t\t<\/a>\n\t\t\t\t\t\t\t\t\t\t\t\t\t\t\t<\/div>\n\t\t\t\t<\/div>\n\t\t\t\t<div class=\"elementor-element elementor-element-c946085 elementor-widget elementor-widget-image\" data-id=\"c946085\" data-element_type=\"widget\" data-e-type=\"widget\" data-widget_type=\"image.default\">\n\t\t\t\t<div class=\"elementor-widget-container\">\n\t\t\t\t\t\t\t\t\t\t\t\t\t\t\t<img decoding=\"async\" width=\"636\" height=\"105\" src=\"https:\/\/cecilemoroni.com\/wp-content\/uploads\/2023\/11\/TEDx_BlackLetters_Transparent-636.png\" class=\"attachment-large size-large wp-image-1820\" alt=\"\" srcset=\"https:\/\/cecilemoroni.com\/wp-content\/uploads\/2023\/11\/TEDx_BlackLetters_Transparent-636.png 636w, https:\/\/cecilemoroni.com\/wp-content\/uploads\/2023\/11\/TEDx_BlackLetters_Transparent-636-600x99.png 600w, https:\/\/cecilemoroni.com\/wp-content\/uploads\/2023\/11\/TEDx_BlackLetters_Transparent-636-300x50.png 300w, https:\/\/cecilemoroni.com\/wp-content\/uploads\/2023\/11\/TEDx_BlackLetters_Transparent-636-18x3.png 18w\" sizes=\"(max-width: 636px) 100vw, 636px\" \/>\t\t\t\t\t\t\t\t\t\t\t\t\t\t\t<\/div>\n\t\t\t\t<\/div>\n\t\t\t\t\t<\/div>\n\t\t<\/div>\n\t\t\t\t<div class=\"elementor-column elementor-col-50 elementor-top-column elementor-element elementor-element-2035808\" data-id=\"2035808\" data-element_type=\"column\" data-e-type=\"column\">\n\t\t\t<div class=\"elementor-widget-wrap elementor-element-populated\">\n\t\t\t\t\t\t<div class=\"elementor-element elementor-element-2dc3d10 elementor-widget elementor-widget-text-editor\" data-id=\"2dc3d10\" data-element_type=\"widget\" data-e-type=\"widget\" data-widget_type=\"text-editor.default\">\n\t\t\t\t<div class=\"elementor-widget-container\">\n\t\t\t\t\t\t\t\t\t<p>\u00abThe Future of foreign women leaders\u00bb TEDxTrondheim, Nov 2023<\/p>\t\t\t\t\t\t\t\t<\/div>\n\t\t\t\t<\/div>\n\t\t\t\t\t<\/div>\n\t\t<\/div>\n\t\t\t\t\t<\/div>\n\t\t<\/section>\n\t\t\t\t<section class=\"elementor-section elementor-top-section elementor-element elementor-element-f995961 elementor-section-boxed elementor-section-height-default elementor-section-height-default\" data-id=\"f995961\" data-element_type=\"section\" data-e-type=\"section\">\n\t\t\t\t\t\t<div class=\"elementor-container elementor-column-gap-default\">\n\t\t\t\t\t<div class=\"elementor-column elementor-col-100 elementor-top-column elementor-element elementor-element-4ee37e4\" data-id=\"4ee37e4\" data-element_type=\"column\" data-e-type=\"column\">\n\t\t\t<div class=\"elementor-widget-wrap elementor-element-populated\">\n\t\t\t\t\t\t<div class=\"elementor-element elementor-element-ec0dcba elementor-widget-divider--view-line elementor-widget elementor-widget-divider\" data-id=\"ec0dcba\" data-element_type=\"widget\" data-e-type=\"widget\" data-widget_type=\"divider.default\">\n\t\t\t\t<div class=\"elementor-widget-container\">\n\t\t\t\t\t\t\t<div class=\"elementor-divider\">\n\t\t\t<span class=\"elementor-divider-separator\">\n\t\t\t\t\t\t<\/span>\n\t\t<\/div>\n\t\t\t\t\t\t<\/div>\n\t\t\t\t<\/div>\n\t\t\t\t\t<\/div>\n\t\t<\/div>\n\t\t\t\t\t<\/div>\n\t\t<\/section>\n\t\t\t\t<section class=\"elementor-section elementor-top-section elementor-element elementor-element-a75c4b3 elementor-section-boxed elementor-section-height-default elementor-section-height-default\" data-id=\"a75c4b3\" data-element_type=\"section\" data-e-type=\"section\">\n\t\t\t\t\t\t<div class=\"elementor-container elementor-column-gap-default\">\n\t\t\t\t\t<div class=\"elementor-column elementor-col-50 elementor-top-column elementor-element elementor-element-32ec9de\" data-id=\"32ec9de\" data-element_type=\"column\" data-e-type=\"column\">\n\t\t\t<div class=\"elementor-widget-wrap elementor-element-populated\">\n\t\t\t\t\t\t<div class=\"elementor-element elementor-element-928b1fe elementor-widget elementor-widget-text-editor\" data-id=\"928b1fe\" data-element_type=\"widget\" data-e-type=\"widget\" data-widget_type=\"text-editor.default\">\n\t\t\t\t<div class=\"elementor-widget-container\">\n\t\t\t\t\t\t\t\t\t<p>Video from \"Build your Career Day\" (Nov 2024), where C\u00e9cile was the host and panel leader in English. The event was organized by the City of Oslo and the Oslo region to help expats enter the job market.<\/p><p><div class=\"ast-oembed-container\" style=\"height: 100%;\"><iframe title=\"Build your career in Oslo\" width=\"500\" height=\"281\" src=\"https:\/\/www.youtube.com\/embed\/-AZZQhhJZF4?start=2460&feature=oembed\" frameborder=\"0\" allow=\"accelerometer; autoplay; clipboard-write; encrypted-media; gyroscope; picture-in-picture; web-share\" referrerpolicy=\"strict-origin-when-cross-origin\" allowfullscreen><\/iframe><\/div><\/p>\t\t\t\t\t\t\t\t<\/div>\n\t\t\t\t<\/div>\n\t\t\t\t\t<\/div>\n\t\t<\/div>\n\t\t\t\t<div class=\"elementor-column elementor-col-50 elementor-top-column elementor-element elementor-element-5786694\" data-id=\"5786694\" data-element_type=\"column\" data-e-type=\"column\">\n\t\t\t<div class=\"elementor-widget-wrap elementor-element-populated\">\n\t\t\t\t\t\t<div class=\"elementor-element elementor-element-c33524e elementor-widget elementor-widget-text-editor\" data-id=\"c33524e\" data-element_type=\"widget\" data-e-type=\"widget\" data-widget_type=\"text-editor.default\">\n\t\t\t\t<div class=\"elementor-widget-container\">\n\t\t\t\t\t\t\t\t\t<p>Video from \"Javel Agder\" (Dec 2024), where C\u00e9cile was the host and panel leader. The event was organized by \"Likestilt Arbeidsliv\" in Kristiansand to improve gender equality in the public and private sectors and to debate various current challenges.<\/p><p><div class=\"ast-oembed-container\" style=\"height: 100%;\"><iframe title=\"Javel Agder | Introduction C\u00e9cile Moroni\" src=\"https:\/\/player.vimeo.com\/video\/1045622426?h=2d3581b944&amp;dnt=1&amp;app_id=122963\" width=\"500\" height=\"281\" frameborder=\"0\" allow=\"autoplay; fullscreen; picture-in-picture; clipboard-write; encrypted-media\"><\/iframe><\/div><\/p>\t\t\t\t\t\t\t\t<\/div>\n\t\t\t\t<\/div>\n\t\t\t\t\t<\/div>\n\t\t<\/div>\n\t\t\t\t\t<\/div>\n\t\t<\/section>\n\t\t\t\t<\/div>","protected":false},"excerpt":{"rendered":"<p>&laquo;Champagne og Brunost&raquo;: et foredrag om mangfold, inkludering og interkulturell ledelse Dette foredraget er tilgjengelig gjennom Talerlisten. Klikk HER for mer informasjon. Foredraget er tilgjengelig b\u00e5de p\u00e5 norsk og engelsk. C\u00e9cile Moroni er f\u00f8dt og oppvokst i Paris og har en imponerende internasjonal karriere. Hun er sivil\u00f8konom og har jobbet i Frankrike, Tyskland, Sveits og &hellip;<\/p>\n<p class=\"read-more\"> <a class=\"\" href=\"https:\/\/cecilemoroni.com\/en\/foredrag\/\"> <span class=\"screen-reader-text\">Diversity, inclusion and intercultural leadership<\/span> Read More \u00bb<\/a><\/p>","protected":false},"author":1,"featured_media":0,"parent":0,"menu_order":0,"comment_status":"closed","ping_status":"closed","template":"","meta":{"_monsterinsights_skip_tracking":false,"_monsterinsights_sitenote_active":false,"_monsterinsights_sitenote_note":"","_monsterinsights_sitenote_category":0,"site-sidebar-layout":"no-sidebar","site-content-layout":"page-builder","ast-global-header-display":"","ast-banner-title-visibility":"","ast-main-header-display":"","ast-hfb-above-header-display":"","ast-hfb-below-header-display":"","ast-hfb-mobile-header-display":"","site-post-title":"disabled","ast-breadcrumbs-content":"disabled","ast-featured-img":"disabled","footer-sml-layout":"","theme-transparent-header-meta":"enabled","adv-header-id-meta":"","stick-header-meta":"","header-above-stick-meta":"","header-main-stick-meta":"","header-below-stick-meta":"","footnotes":""},"class_list":["post-587","page","type-page","status-publish","hentry"],"_links":{"self":[{"href":"https:\/\/cecilemoroni.com\/en\/wp-json\/wp\/v2\/pages\/587","targetHints":{"allow":["GET"]}}],"collection":[{"href":"https:\/\/cecilemoroni.com\/en\/wp-json\/wp\/v2\/pages"}],"about":[{"href":"https:\/\/cecilemoroni.com\/en\/wp-json\/wp\/v2\/types\/page"}],"author":[{"embeddable":true,"href":"https:\/\/cecilemoroni.com\/en\/wp-json\/wp\/v2\/users\/1"}],"replies":[{"embeddable":true,"href":"https:\/\/cecilemoroni.com\/en\/wp-json\/wp\/v2\/comments?post=587"}],"version-history":[{"count":235,"href":"https:\/\/cecilemoroni.com\/en\/wp-json\/wp\/v2\/pages\/587\/revisions"}],"predecessor-version":[{"id":3258,"href":"https:\/\/cecilemoroni.com\/en\/wp-json\/wp\/v2\/pages\/587\/revisions\/3258"}],"wp:attachment":[{"href":"https:\/\/cecilemoroni.com\/en\/wp-json\/wp\/v2\/media?parent=587"}],"curies":[{"name":"wp","href":"https:\/\/api.w.org\/{rel}","templated":true}]}}