{"id":2509,"date":"2025-03-17T15:00:27","date_gmt":"2025-03-17T15:00:27","guid":{"rendered":"https:\/\/cecilemoroni.com\/?page_id=2509"},"modified":"2026-01-13T14:42:03","modified_gmt":"2026-01-13T14:42:03","slug":"musikk","status":"publish","type":"page","link":"https:\/\/cecilemoroni.com\/en\/musikk\/","title":{"rendered":"Collabs"},"content":{"rendered":"<div data-elementor-type=\"wp-page\" data-elementor-id=\"2509\" class=\"elementor elementor-2509\">\n\t\t\t\t\t\t<section class=\"elementor-section elementor-top-section elementor-element elementor-element-4fd40f0 elementor-section-boxed elementor-section-height-default elementor-section-height-default\" data-id=\"4fd40f0\" data-element_type=\"section\" data-e-type=\"section\" data-settings=\"{&quot;background_background&quot;:&quot;classic&quot;}\">\n\t\t\t\t\t\t<div class=\"elementor-container elementor-column-gap-no\">\n\t\t\t\t\t<div class=\"elementor-column elementor-col-100 elementor-top-column elementor-element elementor-element-63dd192\" data-id=\"63dd192\" data-element_type=\"column\" data-e-type=\"column\">\n\t\t\t<div class=\"elementor-widget-wrap elementor-element-populated\">\n\t\t\t\t\t\t<div class=\"elementor-element elementor-element-47f4e7a elementor-widget elementor-widget-heading\" data-id=\"47f4e7a\" data-element_type=\"widget\" data-e-type=\"widget\" data-widget_type=\"heading.default\">\n\t\t\t\t<div class=\"elementor-widget-container\">\n\t\t\t\t\t<h2 class=\"elementor-heading-title elementor-size-default\">Music<\/h2>\t\t\t\t<\/div>\n\t\t\t\t<\/div>\n\t\t\t\t\t<\/div>\n\t\t<\/div>\n\t\t\t\t\t<\/div>\n\t\t<\/section>\n\t\t\t\t<section class=\"elementor-section elementor-top-section elementor-element elementor-element-ff93054 elementor-section-boxed elementor-section-height-default elementor-section-height-default\" data-id=\"ff93054\" data-element_type=\"section\" data-e-type=\"section\">\n\t\t\t\t\t\t<div class=\"elementor-container elementor-column-gap-default\">\n\t\t\t\t\t<div class=\"elementor-column elementor-col-50 elementor-top-column elementor-element elementor-element-a2cb7a9\" data-id=\"a2cb7a9\" data-element_type=\"column\" data-e-type=\"column\">\n\t\t\t<div class=\"elementor-widget-wrap elementor-element-populated\">\n\t\t\t\t\t\t<div class=\"elementor-element elementor-element-ab8ac23 elementor-widget elementor-widget-image\" data-id=\"ab8ac23\" data-element_type=\"widget\" data-e-type=\"widget\" data-widget_type=\"image.default\">\n\t\t\t\t<div class=\"elementor-widget-container\">\n\t\t\t\t\t\t\t\t\t\t\t\t\t\t\t<img fetchpriority=\"high\" decoding=\"async\" width=\"318\" height=\"159\" src=\"https:\/\/cecilemoroni.com\/wp-content\/uploads\/2025\/07\/images.jpg\" class=\"attachment-large size-large wp-image-3294\" alt=\"\" srcset=\"https:\/\/cecilemoroni.com\/wp-content\/uploads\/2025\/07\/images.jpg 318w, https:\/\/cecilemoroni.com\/wp-content\/uploads\/2025\/07\/images-300x150.jpg 300w, https:\/\/cecilemoroni.com\/wp-content\/uploads\/2025\/07\/images-18x9.jpg 18w\" sizes=\"(max-width: 318px) 100vw, 318px\" \/>\t\t\t\t\t\t\t\t\t\t\t\t\t\t\t<\/div>\n\t\t\t\t<\/div>\n\t\t\t\t\t<\/div>\n\t\t<\/div>\n\t\t\t\t<div class=\"elementor-column elementor-col-50 elementor-top-column elementor-element elementor-element-69eafbe\" data-id=\"69eafbe\" data-element_type=\"column\" data-e-type=\"column\">\n\t\t\t<div class=\"elementor-widget-wrap elementor-element-populated\">\n\t\t\t\t\t\t<div class=\"elementor-element elementor-element-27c2cd8 elementor-widget elementor-widget-text-editor\" data-id=\"27c2cd8\" data-element_type=\"widget\" data-e-type=\"widget\" data-widget_type=\"text-editor.default\">\n\t\t\t\t<div class=\"elementor-widget-container\">\n\t\t\t\t\t\t\t\t\t<p>C\u00e9cile is a regular columnist in the magazine <em data-start=\"98\" data-end=\"116\">\"Foreldre og Barn\" (\"Parents and children\")<\/em>, where she regularly writes opinion pieces and shares her perspectives as a mother of three from France living in Norway \u2013 with a good dose of humor.<\/p><p>Here you can see an overview of previous opinion pieces:<\/p><ul><li><a href=\"https:\/\/www.klikk.no\/foreldre\/kommentarer\/barn-sover-ute-rar-praksis-for-oss-utlendinger-7495372\">Barn sover ute i Norge<\/a><\/li><li><a href=\"https:\/\/www.klikk.no\/foreldre\/kommentarer\/til-alle-som-tror-at-en-foreldrepermisjon-er-en-pause-7489704\">Til alle som tror at foreldrepermisjon er en pause<\/a><\/li><li><a href=\"https:\/\/www.klikk.no\/foreldre\/dette-sporsmalet-bor-du-stille-barnet-ditt-7520686\">Dette sp\u00f8rsm\u00e5let b\u00f8r du stille barnet ditt<\/a><\/li><li><a href=\"https:\/\/www.klikk.no\/foreldre\/hjemme-med-sykt-barn-det-hores-koselig-ut-tenkte-jeg-7566745\">Hjemme med &laquo;sykt barn&raquo;?, det h\u00f8res koselig ut, tenkte jeg&#8230;<\/a><\/li><li><a href=\"https:\/\/www.klikk.no\/foreldre\/franske-cecile-om-norsk-jul-ma-jeg-kjope-juletampong-7584639\">M\u00e5 jeg virkelig kj\u00f8pe juletamponger om jeg har mensen p\u00e5 julaften?<\/a><\/li><\/ul>\t\t\t\t\t\t\t\t<\/div>\n\t\t\t\t<\/div>\n\t\t\t\t\t<\/div>\n\t\t<\/div>\n\t\t\t\t\t<\/div>\n\t\t<\/section>\n\t\t\t\t<section class=\"elementor-section elementor-top-section elementor-element elementor-element-8722fe4 elementor-section-boxed elementor-section-height-default elementor-section-height-default\" data-id=\"8722fe4\" data-element_type=\"section\" data-e-type=\"section\">\n\t\t\t\t\t\t<div class=\"elementor-container elementor-column-gap-default\">\n\t\t\t\t\t<div class=\"elementor-column elementor-col-100 elementor-top-column elementor-element elementor-element-14f9b0f\" data-id=\"14f9b0f\" data-element_type=\"column\" data-e-type=\"column\">\n\t\t\t<div class=\"elementor-widget-wrap elementor-element-populated\">\n\t\t\t\t\t\t<div class=\"elementor-element elementor-element-499c16a elementor-widget-divider--view-line elementor-widget elementor-widget-divider\" data-id=\"499c16a\" data-element_type=\"widget\" data-e-type=\"widget\" data-widget_type=\"divider.default\">\n\t\t\t\t<div class=\"elementor-widget-container\">\n\t\t\t\t\t\t\t<div class=\"elementor-divider\">\n\t\t\t<span class=\"elementor-divider-separator\">\n\t\t\t\t\t\t<\/span>\n\t\t<\/div>\n\t\t\t\t\t\t<\/div>\n\t\t\t\t<\/div>\n\t\t\t\t\t<\/div>\n\t\t<\/div>\n\t\t\t\t\t<\/div>\n\t\t<\/section>\n\t\t\t\t<section class=\"elementor-section elementor-top-section elementor-element elementor-element-33ed64c elementor-section-boxed elementor-section-height-default elementor-section-height-default\" data-id=\"33ed64c\" data-element_type=\"section\" data-e-type=\"section\">\n\t\t\t\t\t\t<div class=\"elementor-container elementor-column-gap-default\">\n\t\t\t\t\t<div class=\"elementor-column elementor-col-50 elementor-top-column elementor-element elementor-element-a37e755\" data-id=\"a37e755\" data-element_type=\"column\" data-e-type=\"column\">\n\t\t\t<div class=\"elementor-widget-wrap elementor-element-populated\">\n\t\t\t\t\t\t<div class=\"elementor-element elementor-element-d20d486 elementor-widget elementor-widget-image\" data-id=\"d20d486\" data-element_type=\"widget\" data-e-type=\"widget\" data-widget_type=\"image.default\">\n\t\t\t\t<div class=\"elementor-widget-container\">\n\t\t\t\t\t\t\t\t\t\t\t\t\t\t\t\t<a href=\"https:\/\/vimeo.com\/1073882483\">\n\t\t\t\t\t\t\t<img decoding=\"async\" width=\"364\" height=\"469\" src=\"https:\/\/cecilemoroni.com\/wp-content\/uploads\/2025\/04\/Screenshot-2025-04-10-150558.png\" class=\"attachment-large size-large wp-image-3179\" alt=\"\" srcset=\"https:\/\/cecilemoroni.com\/wp-content\/uploads\/2025\/04\/Screenshot-2025-04-10-150558.png 364w, https:\/\/cecilemoroni.com\/wp-content\/uploads\/2025\/04\/Screenshot-2025-04-10-150558-233x300.png 233w, https:\/\/cecilemoroni.com\/wp-content\/uploads\/2025\/04\/Screenshot-2025-04-10-150558-9x12.png 9w\" sizes=\"(max-width: 364px) 100vw, 364px\" \/>\t\t\t\t\t\t\t\t<\/a>\n\t\t\t\t\t\t\t\t\t\t\t\t\t\t\t<\/div>\n\t\t\t\t<\/div>\n\t\t\t\t\t<\/div>\n\t\t<\/div>\n\t\t\t\t<div class=\"elementor-column elementor-col-50 elementor-top-column elementor-element elementor-element-153efbf\" data-id=\"153efbf\" data-element_type=\"column\" data-e-type=\"column\">\n\t\t\t<div class=\"elementor-widget-wrap elementor-element-populated\">\n\t\t\t\t\t\t<div class=\"elementor-element elementor-element-b86114c elementor-widget elementor-widget-text-editor\" data-id=\"b86114c\" data-element_type=\"widget\" data-e-type=\"widget\" data-widget_type=\"text-editor.default\">\n\t\t\t\t<div class=\"elementor-widget-container\">\n\t\t\t\t\t\t\t\t\t<p><a href=\"https:\/\/vimeo.com\/1073882483\">Ruter ad - April 2025<\/a><\/p>\t\t\t\t\t\t\t\t<\/div>\n\t\t\t\t<\/div>\n\t\t\t\t\t<\/div>\n\t\t<\/div>\n\t\t\t\t\t<\/div>\n\t\t<\/section>\n\t\t\t\t<section class=\"elementor-section elementor-top-section elementor-element elementor-element-593a954 elementor-section-boxed elementor-section-height-default elementor-section-height-default\" data-id=\"593a954\" data-element_type=\"section\" data-e-type=\"section\">\n\t\t\t\t\t\t<div class=\"elementor-container elementor-column-gap-default\">\n\t\t\t\t\t<div class=\"elementor-column elementor-col-100 elementor-top-column elementor-element elementor-element-5f21d3a\" data-id=\"5f21d3a\" data-element_type=\"column\" data-e-type=\"column\">\n\t\t\t<div class=\"elementor-widget-wrap elementor-element-populated\">\n\t\t\t\t\t\t<div class=\"elementor-element elementor-element-86d37ce elementor-widget-divider--view-line elementor-widget elementor-widget-divider\" data-id=\"86d37ce\" data-element_type=\"widget\" data-e-type=\"widget\" data-widget_type=\"divider.default\">\n\t\t\t\t<div class=\"elementor-widget-container\">\n\t\t\t\t\t\t\t<div class=\"elementor-divider\">\n\t\t\t<span class=\"elementor-divider-separator\">\n\t\t\t\t\t\t<\/span>\n\t\t<\/div>\n\t\t\t\t\t\t<\/div>\n\t\t\t\t<\/div>\n\t\t\t\t<div class=\"elementor-element elementor-element-bef58da elementor-widget elementor-widget-image\" data-id=\"bef58da\" data-element_type=\"widget\" data-e-type=\"widget\" data-widget_type=\"image.default\">\n\t\t\t\t<div class=\"elementor-widget-container\">\n\t\t\t\t\t\t\t\t\t\t\t\t\t\t\t<img decoding=\"async\" width=\"1024\" height=\"683\" src=\"https:\/\/cecilemoroni.com\/wp-content\/uploads\/2025\/03\/image0-1024x683.jpeg\" class=\"attachment-large size-large wp-image-3148\" alt=\"\" srcset=\"https:\/\/cecilemoroni.com\/wp-content\/uploads\/2025\/03\/image0-1024x683.jpeg 1024w, https:\/\/cecilemoroni.com\/wp-content\/uploads\/2025\/03\/image0-300x200.jpeg 300w, https:\/\/cecilemoroni.com\/wp-content\/uploads\/2025\/03\/image0-768x512.jpeg 768w, https:\/\/cecilemoroni.com\/wp-content\/uploads\/2025\/03\/image0-1536x1025.jpeg 1536w, https:\/\/cecilemoroni.com\/wp-content\/uploads\/2025\/03\/image0-18x12.jpeg 18w, https:\/\/cecilemoroni.com\/wp-content\/uploads\/2025\/03\/image0.jpeg 1856w\" sizes=\"(max-width: 1024px) 100vw, 1024px\" \/>\t\t\t\t\t\t\t\t\t\t\t\t\t\t\t<\/div>\n\t\t\t\t<\/div>\n\t\t\t\t\t<\/div>\n\t\t<\/div>\n\t\t\t\t\t<\/div>\n\t\t<\/section>\n\t\t\t\t<section class=\"elementor-section elementor-top-section elementor-element elementor-element-5f8876e elementor-section-boxed elementor-section-height-default elementor-section-height-default\" data-id=\"5f8876e\" data-element_type=\"section\" data-e-type=\"section\">\n\t\t\t\t\t\t<div class=\"elementor-container elementor-column-gap-default\">\n\t\t\t\t\t<div class=\"elementor-column elementor-col-100 elementor-top-column elementor-element elementor-element-e41fa0b\" data-id=\"e41fa0b\" data-element_type=\"column\" data-e-type=\"column\">\n\t\t\t<div class=\"elementor-widget-wrap elementor-element-populated\">\n\t\t\t\t\t\t<div class=\"elementor-element elementor-element-c707459 elementor-widget elementor-widget-text-editor\" data-id=\"c707459\" data-element_type=\"widget\" data-e-type=\"widget\" data-widget_type=\"text-editor.default\">\n\t\t\t\t<div class=\"elementor-widget-container\">\n\t\t\t\t\t\t\t\t\t<p>On 14.03.2025, C\u00e9cile's first song \u00abFrancaise \u00e0 Oslo\u00bb was released in a collaboration with <a href=\"https:\/\/veloclub.no\/\">Petter Haga \u00abSlam Dunk\u00bb<\/a>Listen to the song \"Francaise \u00e0 Oslo\" <a href=\"https:\/\/open.spotify.com\/track\/5c2uCxGiMVEmY4t4EmrA4d?si=34d8a1b8cb5f4eb8\">HERE<\/a><\/p>\t\t\t\t\t\t\t\t<\/div>\n\t\t\t\t<\/div>\n\t\t\t\t\t<\/div>\n\t\t<\/div>\n\t\t\t\t\t<\/div>\n\t\t<\/section>\n\t\t\t\t<\/div>","protected":false},"excerpt":{"rendered":"<p>Musikk C\u00e9cile er fast spaltist i bladet Foreldre og Barn, hvor hun regelmessig skriver kronikker og deler sine perspektiver som trebarnsmor fra Frankrike bosatt i Norge \u2013 med en god dose humor. Her kan du se en oversikt over tidligere kronikker: Barn sover ute i Norge Til alle som tror at foreldrepermisjon er en pause &hellip;<\/p>\n<p class=\"read-more\"> <a class=\"\" href=\"https:\/\/cecilemoroni.com\/en\/musikk\/\"> <span class=\"screen-reader-text\">Collabs<\/span> Read More \u00bb<\/a><\/p>","protected":false},"author":1,"featured_media":0,"parent":0,"menu_order":0,"comment_status":"closed","ping_status":"closed","template":"","meta":{"_monsterinsights_skip_tracking":false,"_monsterinsights_sitenote_active":false,"_monsterinsights_sitenote_note":"","_monsterinsights_sitenote_category":0,"site-sidebar-layout":"no-sidebar","site-content-layout":"page-builder","ast-global-header-display":"","ast-banner-title-visibility":"","ast-main-header-display":"","ast-hfb-above-header-display":"","ast-hfb-below-header-display":"","ast-hfb-mobile-header-display":"","site-post-title":"disabled","ast-breadcrumbs-content":"disabled","ast-featured-img":"disabled","footer-sml-layout":"","theme-transparent-header-meta":"enabled","adv-header-id-meta":"","stick-header-meta":"","header-above-stick-meta":"","header-main-stick-meta":"","header-below-stick-meta":"","footnotes":""},"class_list":["post-2509","page","type-page","status-publish","hentry"],"_links":{"self":[{"href":"https:\/\/cecilemoroni.com\/en\/wp-json\/wp\/v2\/pages\/2509","targetHints":{"allow":["GET"]}}],"collection":[{"href":"https:\/\/cecilemoroni.com\/en\/wp-json\/wp\/v2\/pages"}],"about":[{"href":"https:\/\/cecilemoroni.com\/en\/wp-json\/wp\/v2\/types\/page"}],"author":[{"embeddable":true,"href":"https:\/\/cecilemoroni.com\/en\/wp-json\/wp\/v2\/users\/1"}],"replies":[{"embeddable":true,"href":"https:\/\/cecilemoroni.com\/en\/wp-json\/wp\/v2\/comments?post=2509"}],"version-history":[{"count":33,"href":"https:\/\/cecilemoroni.com\/en\/wp-json\/wp\/v2\/pages\/2509\/revisions"}],"predecessor-version":[{"id":3428,"href":"https:\/\/cecilemoroni.com\/en\/wp-json\/wp\/v2\/pages\/2509\/revisions\/3428"}],"wp:attachment":[{"href":"https:\/\/cecilemoroni.com\/en\/wp-json\/wp\/v2\/media?parent=2509"}],"curies":[{"name":"wp","href":"https:\/\/api.w.org\/{rel}","templated":true}]}}