{"id":2508,"date":"2025-01-13T21:20:38","date_gmt":"2025-01-13T21:20:38","guid":{"rendered":"https:\/\/cecilemoroni.com\/?page_id=2508"},"modified":"2025-01-21T14:19:55","modified_gmt":"2025-01-21T14:19:55","slug":"ny-blank-side","status":"publish","type":"page","link":"https:\/\/cecilemoroni.com\/en\/ny-blank-side\/","title":{"rendered":"Podcast"},"content":{"rendered":"<div data-elementor-type=\"wp-page\" data-elementor-id=\"2508\" class=\"elementor elementor-2508\">\n\t\t\t\t\t\t<section class=\"elementor-section elementor-top-section elementor-element elementor-element-4fd40f0 elementor-section-boxed elementor-section-height-default elementor-section-height-default\" data-id=\"4fd40f0\" data-element_type=\"section\" data-e-type=\"section\" data-settings=\"{&quot;background_background&quot;:&quot;classic&quot;}\">\n\t\t\t\t\t\t<div class=\"elementor-container elementor-column-gap-no\">\n\t\t\t\t\t<div class=\"elementor-column elementor-col-100 elementor-top-column elementor-element elementor-element-63dd192\" data-id=\"63dd192\" data-element_type=\"column\" data-e-type=\"column\">\n\t\t\t<div class=\"elementor-widget-wrap\">\n\t\t\t\t\t\t\t<\/div>\n\t\t<\/div>\n\t\t\t\t\t<\/div>\n\t\t<\/section>\n\t\t\t\t<section class=\"elementor-section elementor-top-section elementor-element elementor-element-87c3cfd elementor-section-boxed elementor-section-height-default elementor-section-height-default\" data-id=\"87c3cfd\" data-element_type=\"section\" data-e-type=\"section\">\n\t\t\t\t\t\t<div class=\"elementor-container elementor-column-gap-default\">\n\t\t\t\t\t<div class=\"elementor-column elementor-col-50 elementor-top-column elementor-element elementor-element-d561624\" data-id=\"d561624\" data-element_type=\"column\" data-e-type=\"column\">\n\t\t\t<div class=\"elementor-widget-wrap elementor-element-populated\">\n\t\t\t\t\t\t<div class=\"elementor-element elementor-element-e8b330d elementor-widget elementor-widget-image\" data-id=\"e8b330d\" data-element_type=\"widget\" data-e-type=\"widget\" data-widget_type=\"image.default\">\n\t\t\t\t<div class=\"elementor-widget-container\">\n\t\t\t\t\t\t\t\t\t\t\t\t\t\t\t<img fetchpriority=\"high\" decoding=\"async\" width=\"810\" height=\"810\" src=\"https:\/\/cecilemoroni.com\/wp-content\/uploads\/2025\/01\/IMG_9952.jpg\" class=\"attachment-large size-large wp-image-2877\" alt=\"\" srcset=\"https:\/\/cecilemoroni.com\/wp-content\/uploads\/2025\/01\/IMG_9952.jpg 810w, https:\/\/cecilemoroni.com\/wp-content\/uploads\/2025\/01\/IMG_9952-300x300.jpg 300w, https:\/\/cecilemoroni.com\/wp-content\/uploads\/2025\/01\/IMG_9952-150x150.jpg 150w, https:\/\/cecilemoroni.com\/wp-content\/uploads\/2025\/01\/IMG_9952-768x768.jpg 768w, https:\/\/cecilemoroni.com\/wp-content\/uploads\/2025\/01\/IMG_9952-12x12.jpg 12w\" sizes=\"(max-width: 810px) 100vw, 810px\" \/>\t\t\t\t\t\t\t\t\t\t\t\t\t\t\t<\/div>\n\t\t\t\t<\/div>\n\t\t\t\t\t<\/div>\n\t\t<\/div>\n\t\t\t\t<div class=\"elementor-column elementor-col-50 elementor-top-column elementor-element elementor-element-5517325\" data-id=\"5517325\" data-element_type=\"column\" data-e-type=\"column\">\n\t\t\t<div class=\"elementor-widget-wrap elementor-element-populated\">\n\t\t\t\t\t\t<div class=\"elementor-element elementor-element-8218258 elementor-widget elementor-widget-text-editor\" data-id=\"8218258\" data-element_type=\"widget\" data-e-type=\"widget\" data-widget_type=\"text-editor.default\">\n\t\t\t\t<div class=\"elementor-widget-container\">\n\t\t\t\t\t\t\t\t\t<p><b>Hvorfor Norge? (\"Why Norway?\")<\/b> is a documentary-style podcast that aims to bring to light a variety of inspiring stories about people who have moved to Norway or work with integration, with plenty of humor.<\/p><p>In collaboration with Juicy Producy, Fritt Ord and Oslo kommune.<\/p><p>Listen to the episodes <a href=\"https:\/\/www.podplay.com\/no-no\/podcasts\/hvorfor-norge-med-cecile-moroni-1249437\">HERE<\/a>.<\/p>\t\t\t\t\t\t\t\t<\/div>\n\t\t\t\t<\/div>\n\t\t\t\t\t<\/div>\n\t\t<\/div>\n\t\t\t\t\t<\/div>\n\t\t<\/section>\n\t\t\t\t<section class=\"elementor-section elementor-top-section elementor-element elementor-element-8d849bf elementor-section-boxed elementor-section-height-default elementor-section-height-default\" data-id=\"8d849bf\" data-element_type=\"section\" data-e-type=\"section\">\n\t\t\t\t\t\t<div class=\"elementor-container elementor-column-gap-default\">\n\t\t\t\t\t<div class=\"elementor-column elementor-col-50 elementor-top-column elementor-element elementor-element-a13d4bb\" data-id=\"a13d4bb\" data-element_type=\"column\" data-e-type=\"column\">\n\t\t\t<div class=\"elementor-widget-wrap elementor-element-populated\">\n\t\t\t\t\t\t<div class=\"elementor-element elementor-element-446101e elementor-widget elementor-widget-image\" data-id=\"446101e\" data-element_type=\"widget\" data-e-type=\"widget\" data-widget_type=\"image.default\">\n\t\t\t\t<div class=\"elementor-widget-container\">\n\t\t\t\t\t\t\t\t\t\t\t\t\t\t\t<img decoding=\"async\" width=\"1024\" height=\"942\" src=\"https:\/\/cecilemoroni.com\/wp-content\/uploads\/2024\/08\/Picture1-uten-logo-1024x942.jpg\" class=\"attachment-large size-large wp-image-2545\" alt=\"\" srcset=\"https:\/\/cecilemoroni.com\/wp-content\/uploads\/2024\/08\/Picture1-uten-logo-1024x942.jpg 1024w, https:\/\/cecilemoroni.com\/wp-content\/uploads\/2024\/08\/Picture1-uten-logo-300x276.jpg 300w, https:\/\/cecilemoroni.com\/wp-content\/uploads\/2024\/08\/Picture1-uten-logo-768x706.jpg 768w, https:\/\/cecilemoroni.com\/wp-content\/uploads\/2024\/08\/Picture1-uten-logo-1536x1413.jpg 1536w, https:\/\/cecilemoroni.com\/wp-content\/uploads\/2024\/08\/Picture1-uten-logo-2048x1883.jpg 2048w, https:\/\/cecilemoroni.com\/wp-content\/uploads\/2024\/08\/Picture1-uten-logo-13x12.jpg 13w, https:\/\/cecilemoroni.com\/wp-content\/uploads\/2024\/08\/Picture1-uten-logo-600x552.jpg 600w\" sizes=\"(max-width: 1024px) 100vw, 1024px\" \/>\t\t\t\t\t\t\t\t\t\t\t\t\t\t\t<\/div>\n\t\t\t\t<\/div>\n\t\t\t\t\t<\/div>\n\t\t<\/div>\n\t\t\t\t<div class=\"elementor-column elementor-col-50 elementor-top-column elementor-element elementor-element-848a6b0\" data-id=\"848a6b0\" data-element_type=\"column\" data-e-type=\"column\">\n\t\t\t<div class=\"elementor-widget-wrap elementor-element-populated\">\n\t\t\t\t\t\t<div class=\"elementor-element elementor-element-5283727 elementor-widget elementor-widget-text-editor\" data-id=\"5283727\" data-element_type=\"widget\" data-e-type=\"widget\" data-widget_type=\"text-editor.default\">\n\t\t\t\t<div class=\"elementor-widget-container\">\n\t\t\t\t\t\t\t\t\t<p><strong>Middelm\u00e5dige M\u00f8dre<\/strong> is a feel-good podcast by and for fairly good parents. Because it's perfectly OK to be just OK.<\/p><p>With Miriam Larsen, in collaboration with A-Cast.<\/p><p>Listen to the episodes <a href=\"https:\/\/open.spotify.com\/show\/6oD0tY9VTufw2u8X3cgGEZ\">HERE<\/a>.<\/p>\t\t\t\t\t\t\t\t<\/div>\n\t\t\t\t<\/div>\n\t\t\t\t\t<\/div>\n\t\t<\/div>\n\t\t\t\t\t<\/div>\n\t\t<\/section>\n\t\t\t\t<\/div>","protected":false},"excerpt":{"rendered":"<p>Hvorfor Norge? er en dokumentarisk podkast som \u00f8nsker \u00e5 f\u00e5 frem i lyset en mengde inspirerende historier om mennesker som har flyttet til Norge eller jobber med integrering. Med mye humor. I samarbeid med Juicy Producy, Fritt Ord og Oslo kommune. H\u00f8r p\u00e5 episodene HER. Middelm\u00e5dige M\u00f8dre er en feel-good podcast av og for s\u00e5nn &hellip;<\/p>\n<p class=\"read-more\"> <a class=\"\" href=\"https:\/\/cecilemoroni.com\/en\/ny-blank-side\/\"> <span class=\"screen-reader-text\">Podcast<\/span> Read More \u00bb<\/a><\/p>","protected":false},"author":1,"featured_media":0,"parent":0,"menu_order":0,"comment_status":"closed","ping_status":"closed","template":"","meta":{"_monsterinsights_skip_tracking":false,"_monsterinsights_sitenote_active":false,"_monsterinsights_sitenote_note":"","_monsterinsights_sitenote_category":0,"site-sidebar-layout":"no-sidebar","site-content-layout":"page-builder","ast-global-header-display":"","ast-banner-title-visibility":"","ast-main-header-display":"","ast-hfb-above-header-display":"","ast-hfb-below-header-display":"","ast-hfb-mobile-header-display":"","site-post-title":"disabled","ast-breadcrumbs-content":"disabled","ast-featured-img":"disabled","footer-sml-layout":"","theme-transparent-header-meta":"enabled","adv-header-id-meta":"","stick-header-meta":"","header-above-stick-meta":"","header-main-stick-meta":"","header-below-stick-meta":"","footnotes":""},"class_list":["post-2508","page","type-page","status-publish","hentry"],"_links":{"self":[{"href":"https:\/\/cecilemoroni.com\/en\/wp-json\/wp\/v2\/pages\/2508","targetHints":{"allow":["GET"]}}],"collection":[{"href":"https:\/\/cecilemoroni.com\/en\/wp-json\/wp\/v2\/pages"}],"about":[{"href":"https:\/\/cecilemoroni.com\/en\/wp-json\/wp\/v2\/types\/page"}],"author":[{"embeddable":true,"href":"https:\/\/cecilemoroni.com\/en\/wp-json\/wp\/v2\/users\/1"}],"replies":[{"embeddable":true,"href":"https:\/\/cecilemoroni.com\/en\/wp-json\/wp\/v2\/comments?post=2508"}],"version-history":[{"count":26,"href":"https:\/\/cecilemoroni.com\/en\/wp-json\/wp\/v2\/pages\/2508\/revisions"}],"predecessor-version":[{"id":3066,"href":"https:\/\/cecilemoroni.com\/en\/wp-json\/wp\/v2\/pages\/2508\/revisions\/3066"}],"wp:attachment":[{"href":"https:\/\/cecilemoroni.com\/en\/wp-json\/wp\/v2\/media?parent=2508"}],"curies":[{"name":"wp","href":"https:\/\/api.w.org\/{rel}","templated":true}]}}