{"id":2265,"date":"2024-04-02T19:18:16","date_gmt":"2024-04-02T19:18:16","guid":{"rendered":"https:\/\/cecilemoroni.com\/?page_id=2265"},"modified":"2026-01-13T15:24:03","modified_gmt":"2026-01-13T15:24:03","slug":"foredrag-team-building-og-bedriftseventer","status":"publish","type":"page","link":"https:\/\/cecilemoroni.com\/en\/foredrag-team-building-og-bedriftseventer\/","title":{"rendered":"Event host"},"content":{"rendered":"<div data-elementor-type=\"wp-page\" data-elementor-id=\"2265\" class=\"elementor elementor-2265\">\n\t\t\t\t\t\t<section class=\"elementor-section elementor-top-section elementor-element elementor-element-4fd40f0 elementor-section-full_width elementor-section-height-default elementor-section-height-default\" data-id=\"4fd40f0\" data-element_type=\"section\" data-e-type=\"section\" data-settings=\"{&quot;background_background&quot;:&quot;classic&quot;}\">\n\t\t\t\t\t\t<div class=\"elementor-container elementor-column-gap-no\">\n\t\t\t\t\t<div class=\"elementor-column elementor-col-100 elementor-top-column elementor-element elementor-element-0b930b6\" data-id=\"0b930b6\" data-element_type=\"column\" data-e-type=\"column\">\n\t\t\t<div class=\"elementor-widget-wrap\">\n\t\t\t\t\t\t\t<\/div>\n\t\t<\/div>\n\t\t\t\t\t<\/div>\n\t\t<\/section>\n\t\t\t\t<section class=\"elementor-section elementor-top-section elementor-element elementor-element-c0581c7 elementor-section-boxed elementor-section-height-default elementor-section-height-default\" data-id=\"c0581c7\" data-element_type=\"section\" data-e-type=\"section\">\n\t\t\t\t\t\t<div class=\"elementor-container elementor-column-gap-default\">\n\t\t\t\t\t<div class=\"elementor-column elementor-col-100 elementor-top-column elementor-element elementor-element-41075e1\" data-id=\"41075e1\" data-element_type=\"column\" data-e-type=\"column\">\n\t\t\t<div class=\"elementor-widget-wrap elementor-element-populated\">\n\t\t\t\t\t\t<div class=\"elementor-element elementor-element-b7d8389 elementor-widget elementor-widget-heading\" data-id=\"b7d8389\" data-element_type=\"widget\" data-e-type=\"widget\" data-widget_type=\"heading.default\">\n\t\t\t\t<div class=\"elementor-widget-container\">\n\t\t\t\t\t<h2 class=\"elementor-heading-title elementor-size-default\">Konferansier &amp; Toastmaster<\/h2>\t\t\t\t<\/div>\n\t\t\t\t<\/div>\n\t\t\t\t\t<\/div>\n\t\t<\/div>\n\t\t\t\t\t<\/div>\n\t\t<\/section>\n\t\t\t\t<section class=\"elementor-section elementor-top-section elementor-element elementor-element-a6da215 elementor-section-boxed elementor-section-height-default elementor-section-height-default\" data-id=\"a6da215\" data-element_type=\"section\" data-e-type=\"section\">\n\t\t\t\t\t\t<div class=\"elementor-container elementor-column-gap-default\">\n\t\t\t\t\t<div class=\"elementor-column elementor-col-100 elementor-top-column elementor-element elementor-element-456e88a\" data-id=\"456e88a\" data-element_type=\"column\" data-e-type=\"column\">\n\t\t\t<div class=\"elementor-widget-wrap elementor-element-populated\">\n\t\t\t\t\t\t<div class=\"elementor-element elementor-element-2c537df elementor-widget elementor-widget-text-editor\" data-id=\"2c537df\" data-element_type=\"widget\" data-e-type=\"widget\" data-widget_type=\"text-editor.default\">\n\t\t\t\t<div class=\"elementor-widget-container\">\n\t\t\t\t\t\t\t\t\t<p class=\"\" data-start=\"250\" data-end=\"414\">C\u00e9cile has <strong>great success as a master of ceremonies<\/strong> and host for shows and events, and stands out by combining humor and business elements in a truly unique way.<\/p><p class=\"\" data-start=\"416\" data-end=\"821\">She has <strong>two master degrees<\/strong>: one in finance from ESSEC (France), and one in intercultural management from Universit\u00e4t Mannheim (Germany). C\u00e9cile has worked for prestigious companies such as <strong>Bain &amp; Company, KPMG and Roland Berger in Paris,<\/strong> and has more than <strong>fifteen years of experience in leadership roles<\/strong> - including marketing manager and sales manager at <strong>Ringnes<\/strong>, marketing director and sales director in <strong>Nespresso<\/strong> <strong>Nordics<\/strong>, as well as <strong>CEO<\/strong> for a Norwegian company.<\/p><p class=\"\" data-start=\"823\" data-end=\"1101\">s a host, she draws on her extensive experience from the business world and <strong>classic stand-up<\/strong>, as well as her background in improvisational theater and storytelling (she studied at Cours Florent in Paris). This enables her to engage the audience in an effective and lively way.<\/p><p class=\"\" data-start=\"1103\" data-end=\"1212\">C\u00e9cile leads both large and small events with <strong>a high degree of professionalism \u2013 and always with a twinkle in her eye<\/strong>. In addition, she develops relevant ad hoc materials tailored to your event.<\/p><p class=\"\" data-start=\"1214\" data-end=\"1424\">She is fluent in Norwegian, English, German, and French, and has extensive experience in moderating panel discussions, award ceremonies, and interviews.\u00a0<\/p>\t\t\t\t\t\t\t\t<\/div>\n\t\t\t\t<\/div>\n\t\t\t\t\t<\/div>\n\t\t<\/div>\n\t\t\t\t\t<\/div>\n\t\t<\/section>\n\t\t\t\t<section class=\"elementor-section elementor-top-section elementor-element elementor-element-c424105 elementor-section-boxed elementor-section-height-default elementor-section-height-default\" data-id=\"c424105\" data-element_type=\"section\" data-e-type=\"section\">\n\t\t\t\t\t\t<div class=\"elementor-container elementor-column-gap-default\">\n\t\t\t\t\t<div class=\"elementor-column elementor-col-100 elementor-top-column elementor-element elementor-element-538a322\" data-id=\"538a322\" data-element_type=\"column\" data-e-type=\"column\">\n\t\t\t<div class=\"elementor-widget-wrap elementor-element-populated\">\n\t\t\t\t\t\t<div class=\"elementor-element elementor-element-33de147 elementor-widget-divider--view-line elementor-widget elementor-widget-divider\" data-id=\"33de147\" data-element_type=\"widget\" data-e-type=\"widget\" data-widget_type=\"divider.default\">\n\t\t\t\t<div class=\"elementor-widget-container\">\n\t\t\t\t\t\t\t<div class=\"elementor-divider\">\n\t\t\t<span class=\"elementor-divider-separator\">\n\t\t\t\t\t\t<\/span>\n\t\t<\/div>\n\t\t\t\t\t\t<\/div>\n\t\t\t\t<\/div>\n\t\t\t\t<div class=\"elementor-element elementor-element-cdc738d elementor-widget elementor-widget-heading\" data-id=\"cdc738d\" data-element_type=\"widget\" data-e-type=\"widget\" data-widget_type=\"heading.default\">\n\t\t\t\t<div class=\"elementor-widget-container\">\n\t\t\t\t\t<h2 class=\"elementor-heading-title elementor-size-default\"><a href=\"https:\/\/cecilemoroni.com\/en\/referanser-og-medieomtaler\/\">Past references<\/a><\/h2>\t\t\t\t<\/div>\n\t\t\t\t<\/div>\n\t\t\t\t\t<\/div>\n\t\t<\/div>\n\t\t\t\t\t<\/div>\n\t\t<\/section>\n\t\t\t\t<section class=\"elementor-section elementor-top-section elementor-element elementor-element-aedf576 elementor-section-boxed elementor-section-height-default elementor-section-height-default\" data-id=\"aedf576\" data-element_type=\"section\" data-e-type=\"section\">\n\t\t\t\t\t\t<div class=\"elementor-container elementor-column-gap-default\">\n\t\t\t\t\t<div class=\"elementor-column elementor-col-100 elementor-top-column elementor-element elementor-element-f8e10fa\" data-id=\"f8e10fa\" data-element_type=\"column\" data-e-type=\"column\">\n\t\t\t<div class=\"elementor-widget-wrap elementor-element-populated\">\n\t\t\t\t\t\t<div class=\"elementor-element elementor-element-310ba53 elementor-widget-divider--view-line elementor-widget elementor-widget-divider\" data-id=\"310ba53\" data-element_type=\"widget\" data-e-type=\"widget\" data-widget_type=\"divider.default\">\n\t\t\t\t<div class=\"elementor-widget-container\">\n\t\t\t\t\t\t\t<div class=\"elementor-divider\">\n\t\t\t<span class=\"elementor-divider-separator\">\n\t\t\t\t\t\t<\/span>\n\t\t<\/div>\n\t\t\t\t\t\t<\/div>\n\t\t\t\t<\/div>\n\t\t\t\t\t<\/div>\n\t\t<\/div>\n\t\t\t\t\t<\/div>\n\t\t<\/section>\n\t\t\t\t<section class=\"elementor-section elementor-top-section elementor-element elementor-element-bff8f80 elementor-section-boxed elementor-section-height-default elementor-section-height-default\" data-id=\"bff8f80\" data-element_type=\"section\" data-e-type=\"section\">\n\t\t\t\t\t\t<div class=\"elementor-container elementor-column-gap-default\">\n\t\t\t\t\t<div class=\"elementor-column elementor-col-100 elementor-top-column elementor-element elementor-element-90ad968\" data-id=\"90ad968\" data-element_type=\"column\" data-e-type=\"column\">\n\t\t\t<div class=\"elementor-widget-wrap elementor-element-populated\">\n\t\t\t\t\t\t<div class=\"elementor-element elementor-element-f56daf6 elementor-widget elementor-widget-image\" data-id=\"f56daf6\" data-element_type=\"widget\" data-e-type=\"widget\" data-widget_type=\"image.default\">\n\t\t\t\t<div class=\"elementor-widget-container\">\n\t\t\t\t\t\t\t\t\t\t\t\t\t\t\t<img fetchpriority=\"high\" decoding=\"async\" width=\"1024\" height=\"683\" src=\"https:\/\/cecilemoroni.com\/wp-content\/uploads\/2025\/05\/Picture1-1024x683.jpg\" class=\"attachment-large size-large wp-image-3238\" alt=\"\" srcset=\"https:\/\/cecilemoroni.com\/wp-content\/uploads\/2025\/05\/Picture1-1024x683.jpg 1024w, https:\/\/cecilemoroni.com\/wp-content\/uploads\/2025\/05\/Picture1-300x200.jpg 300w, https:\/\/cecilemoroni.com\/wp-content\/uploads\/2025\/05\/Picture1-768x512.jpg 768w, https:\/\/cecilemoroni.com\/wp-content\/uploads\/2025\/05\/Picture1-1536x1024.jpg 1536w, https:\/\/cecilemoroni.com\/wp-content\/uploads\/2025\/05\/Picture1-2048x1366.jpg 2048w, https:\/\/cecilemoroni.com\/wp-content\/uploads\/2025\/05\/Picture1-18x12.jpg 18w\" sizes=\"(max-width: 1024px) 100vw, 1024px\" \/>\t\t\t\t\t\t\t\t\t\t\t\t\t\t\t<\/div>\n\t\t\t\t<\/div>\n\t\t\t\t\t<\/div>\n\t\t<\/div>\n\t\t\t\t\t<\/div>\n\t\t<\/section>\n\t\t\t\t<section class=\"elementor-section elementor-top-section elementor-element elementor-element-882c564 elementor-section-boxed elementor-section-height-default elementor-section-height-default\" data-id=\"882c564\" data-element_type=\"section\" data-e-type=\"section\">\n\t\t\t\t\t\t<div class=\"elementor-container elementor-column-gap-default\">\n\t\t\t\t\t<div class=\"elementor-column elementor-col-50 elementor-top-column elementor-element elementor-element-1a84e74\" data-id=\"1a84e74\" data-element_type=\"column\" data-e-type=\"column\">\n\t\t\t<div class=\"elementor-widget-wrap elementor-element-populated\">\n\t\t\t\t\t\t<div class=\"elementor-element elementor-element-d546afe elementor-widget elementor-widget-image\" data-id=\"d546afe\" data-element_type=\"widget\" data-e-type=\"widget\" data-widget_type=\"image.default\">\n\t\t\t\t<div class=\"elementor-widget-container\">\n\t\t\t\t\t\t\t\t\t\t\t\t\t\t\t<img decoding=\"async\" width=\"1024\" height=\"684\" src=\"https:\/\/cecilemoroni.com\/wp-content\/uploads\/2026\/01\/1756467197191.jpg\" class=\"attachment-large size-large wp-image-3449\" alt=\"\" srcset=\"https:\/\/cecilemoroni.com\/wp-content\/uploads\/2026\/01\/1756467197191.jpg 1024w, https:\/\/cecilemoroni.com\/wp-content\/uploads\/2026\/01\/1756467197191-300x200.jpg 300w, https:\/\/cecilemoroni.com\/wp-content\/uploads\/2026\/01\/1756467197191-768x513.jpg 768w, https:\/\/cecilemoroni.com\/wp-content\/uploads\/2026\/01\/1756467197191-18x12.jpg 18w\" sizes=\"(max-width: 1024px) 100vw, 1024px\" \/>\t\t\t\t\t\t\t\t\t\t\t\t\t\t\t<\/div>\n\t\t\t\t<\/div>\n\t\t\t\t\t<\/div>\n\t\t<\/div>\n\t\t\t\t<div class=\"elementor-column elementor-col-50 elementor-top-column elementor-element elementor-element-2b14b2f\" data-id=\"2b14b2f\" data-element_type=\"column\" data-e-type=\"column\">\n\t\t\t<div class=\"elementor-widget-wrap elementor-element-populated\">\n\t\t\t\t\t\t<div class=\"elementor-element elementor-element-35e5fcb elementor-widget elementor-widget-image\" data-id=\"35e5fcb\" data-element_type=\"widget\" data-e-type=\"widget\" data-widget_type=\"image.default\">\n\t\t\t\t<div class=\"elementor-widget-container\">\n\t\t\t\t\t\t\t\t\t\t\t\t\t\t\t<img decoding=\"async\" width=\"1024\" height=\"683\" src=\"https:\/\/cecilemoroni.com\/wp-content\/uploads\/2026\/01\/2025WoW-1024x683.jpg\" class=\"attachment-large size-large wp-image-3447\" alt=\"\" srcset=\"https:\/\/cecilemoroni.com\/wp-content\/uploads\/2026\/01\/2025WoW-1024x683.jpg 1024w, https:\/\/cecilemoroni.com\/wp-content\/uploads\/2026\/01\/2025WoW-300x200.jpg 300w, https:\/\/cecilemoroni.com\/wp-content\/uploads\/2026\/01\/2025WoW-768x512.jpg 768w, https:\/\/cecilemoroni.com\/wp-content\/uploads\/2026\/01\/2025WoW-18x12.jpg 18w, https:\/\/cecilemoroni.com\/wp-content\/uploads\/2026\/01\/2025WoW.jpg 1200w\" sizes=\"(max-width: 1024px) 100vw, 1024px\" \/>\t\t\t\t\t\t\t\t\t\t\t\t\t\t\t<\/div>\n\t\t\t\t<\/div>\n\t\t\t\t\t<\/div>\n\t\t<\/div>\n\t\t\t\t\t<\/div>\n\t\t<\/section>\n\t\t\t\t<section class=\"elementor-section elementor-top-section elementor-element elementor-element-6a90d83 elementor-section-boxed elementor-section-height-default elementor-section-height-default\" data-id=\"6a90d83\" data-element_type=\"section\" data-e-type=\"section\">\n\t\t\t\t\t\t<div class=\"elementor-container elementor-column-gap-default\">\n\t\t\t\t\t<div class=\"elementor-column elementor-col-50 elementor-top-column elementor-element elementor-element-20cad28\" data-id=\"20cad28\" data-element_type=\"column\" data-e-type=\"column\">\n\t\t\t<div class=\"elementor-widget-wrap elementor-element-populated\">\n\t\t\t\t\t\t<div class=\"elementor-element elementor-element-efad552 elementor-widget elementor-widget-image\" data-id=\"efad552\" data-element_type=\"widget\" data-e-type=\"widget\" data-widget_type=\"image.default\">\n\t\t\t\t<div class=\"elementor-widget-container\">\n\t\t\t\t\t\t\t\t\t\t\t\t\t\t\t<img loading=\"lazy\" decoding=\"async\" width=\"1024\" height=\"683\" src=\"https:\/\/cecilemoroni.com\/wp-content\/uploads\/2026\/01\/K2A9502-1024x683.jpg\" class=\"attachment-large size-large wp-image-3446\" alt=\"\" srcset=\"https:\/\/cecilemoroni.com\/wp-content\/uploads\/2026\/01\/K2A9502-1024x683.jpg 1024w, https:\/\/cecilemoroni.com\/wp-content\/uploads\/2026\/01\/K2A9502-300x200.jpg 300w, https:\/\/cecilemoroni.com\/wp-content\/uploads\/2026\/01\/K2A9502-768x512.jpg 768w, https:\/\/cecilemoroni.com\/wp-content\/uploads\/2026\/01\/K2A9502-1536x1024.jpg 1536w, https:\/\/cecilemoroni.com\/wp-content\/uploads\/2026\/01\/K2A9502-18x12.jpg 18w, https:\/\/cecilemoroni.com\/wp-content\/uploads\/2026\/01\/K2A9502.jpg 2048w\" sizes=\"(max-width: 1024px) 100vw, 1024px\" \/>\t\t\t\t\t\t\t\t\t\t\t\t\t\t\t<\/div>\n\t\t\t\t<\/div>\n\t\t\t\t\t<\/div>\n\t\t<\/div>\n\t\t\t\t<div class=\"elementor-column elementor-col-50 elementor-top-column elementor-element elementor-element-49835ce\" data-id=\"49835ce\" data-element_type=\"column\" data-e-type=\"column\">\n\t\t\t<div class=\"elementor-widget-wrap elementor-element-populated\">\n\t\t\t\t\t\t<div class=\"elementor-element elementor-element-7f4bae9 elementor-widget elementor-widget-image\" data-id=\"7f4bae9\" data-element_type=\"widget\" data-e-type=\"widget\" data-widget_type=\"image.default\">\n\t\t\t\t<div class=\"elementor-widget-container\">\n\t\t\t\t\t\t\t\t\t\t\t\t\t\t\t<img loading=\"lazy\" decoding=\"async\" width=\"1024\" height=\"768\" src=\"https:\/\/cecilemoroni.com\/wp-content\/uploads\/2026\/01\/konf-1024x768.jpg\" class=\"attachment-large size-large wp-image-3451\" alt=\"\" srcset=\"https:\/\/cecilemoroni.com\/wp-content\/uploads\/2026\/01\/konf-1024x768.jpg 1024w, https:\/\/cecilemoroni.com\/wp-content\/uploads\/2026\/01\/konf-300x225.jpg 300w, https:\/\/cecilemoroni.com\/wp-content\/uploads\/2026\/01\/konf-768x576.jpg 768w, https:\/\/cecilemoroni.com\/wp-content\/uploads\/2026\/01\/konf-1536x1152.jpg 1536w, https:\/\/cecilemoroni.com\/wp-content\/uploads\/2026\/01\/konf-2048x1536.jpg 2048w, https:\/\/cecilemoroni.com\/wp-content\/uploads\/2026\/01\/konf-16x12.jpg 16w\" sizes=\"(max-width: 1024px) 100vw, 1024px\" \/>\t\t\t\t\t\t\t\t\t\t\t\t\t\t\t<\/div>\n\t\t\t\t<\/div>\n\t\t\t\t\t<\/div>\n\t\t<\/div>\n\t\t\t\t\t<\/div>\n\t\t<\/section>\n\t\t\t\t<section class=\"elementor-section elementor-top-section elementor-element elementor-element-9ffa763 elementor-section-boxed elementor-section-height-default elementor-section-height-default\" data-id=\"9ffa763\" data-element_type=\"section\" data-e-type=\"section\">\n\t\t\t\t\t\t<div class=\"elementor-container elementor-column-gap-default\">\n\t\t\t\t\t<div class=\"elementor-column elementor-col-100 elementor-top-column elementor-element elementor-element-ed99683\" data-id=\"ed99683\" data-element_type=\"column\" data-e-type=\"column\">\n\t\t\t<div class=\"elementor-widget-wrap elementor-element-populated\">\n\t\t\t\t\t\t<div class=\"elementor-element elementor-element-6a8c226 elementor-widget elementor-widget-spacer\" data-id=\"6a8c226\" data-element_type=\"widget\" data-e-type=\"widget\" data-widget_type=\"spacer.default\">\n\t\t\t\t<div class=\"elementor-widget-container\">\n\t\t\t\t\t\t\t<div class=\"elementor-spacer\">\n\t\t\t<div class=\"elementor-spacer-inner\"><\/div>\n\t\t<\/div>\n\t\t\t\t\t\t<\/div>\n\t\t\t\t<\/div>\n\t\t\t\t\t<\/div>\n\t\t<\/div>\n\t\t\t\t\t<\/div>\n\t\t<\/section>\n\t\t\t\t<\/div>","protected":false},"excerpt":{"rendered":"<p>Konferansier &amp; Toastmaster C\u00e9cile har hatt stor suksess som konferansier og vert for show og arrangementer, og utmerker seg ved \u00e5 kombinere humor og forretningselementer p\u00e5 en helt unik m\u00e5te. Hun har to mastergrader: \u00e9n i finans fra ESSEC (Frankrike), og \u00e9n i interkulturell ledelse fra Universit\u00e4t Mannheim (Tyskland). C\u00e9cile har jobbet for prestisjetunge selskaper &hellip;<\/p>\n<p class=\"read-more\"> <a class=\"\" href=\"https:\/\/cecilemoroni.com\/en\/foredrag-team-building-og-bedriftseventer\/\"> <span class=\"screen-reader-text\">Event host<\/span> Read More \u00bb<\/a><\/p>","protected":false},"author":2,"featured_media":0,"parent":0,"menu_order":0,"comment_status":"closed","ping_status":"closed","template":"","meta":{"_monsterinsights_skip_tracking":false,"_monsterinsights_sitenote_active":false,"_monsterinsights_sitenote_note":"","_monsterinsights_sitenote_category":0,"site-sidebar-layout":"no-sidebar","site-content-layout":"page-builder","ast-global-header-display":"","ast-banner-title-visibility":"","ast-main-header-display":"","ast-hfb-above-header-display":"","ast-hfb-below-header-display":"","ast-hfb-mobile-header-display":"","site-post-title":"disabled","ast-breadcrumbs-content":"disabled","ast-featured-img":"disabled","footer-sml-layout":"","theme-transparent-header-meta":"enabled","adv-header-id-meta":"","stick-header-meta":"","header-above-stick-meta":"","header-main-stick-meta":"","header-below-stick-meta":"","footnotes":""},"class_list":["post-2265","page","type-page","status-publish","hentry"],"_links":{"self":[{"href":"https:\/\/cecilemoroni.com\/en\/wp-json\/wp\/v2\/pages\/2265","targetHints":{"allow":["GET"]}}],"collection":[{"href":"https:\/\/cecilemoroni.com\/en\/wp-json\/wp\/v2\/pages"}],"about":[{"href":"https:\/\/cecilemoroni.com\/en\/wp-json\/wp\/v2\/types\/page"}],"author":[{"embeddable":true,"href":"https:\/\/cecilemoroni.com\/en\/wp-json\/wp\/v2\/users\/2"}],"replies":[{"embeddable":true,"href":"https:\/\/cecilemoroni.com\/en\/wp-json\/wp\/v2\/comments?post=2265"}],"version-history":[{"count":53,"href":"https:\/\/cecilemoroni.com\/en\/wp-json\/wp\/v2\/pages\/2265\/revisions"}],"predecessor-version":[{"id":3454,"href":"https:\/\/cecilemoroni.com\/en\/wp-json\/wp\/v2\/pages\/2265\/revisions\/3454"}],"wp:attachment":[{"href":"https:\/\/cecilemoroni.com\/en\/wp-json\/wp\/v2\/media?parent=2265"}],"curies":[{"name":"wp","href":"https:\/\/api.w.org\/{rel}","templated":true}]}}